{"id":979,"date":"2018-10-11T10:26:51","date_gmt":"2018-10-11T08:26:51","guid":{"rendered":"https:\/\/www.farnostrs.sk\/sk\/?page_id=979"},"modified":"2025-12-13T13:03:57","modified_gmt":"2025-12-13T12:03:57","slug":"casopis-hlas-srdca","status":"publish","type":"page","link":"https:\/\/www.farnostrs.sk\/sk\/casopis-hlas-srdca\/","title":{"rendered":"\u010casopis Hlas srdca"},"content":{"rendered":"<p>V roku 2015 sme za\u010dali vyd\u00e1va\u0165 farsk\u00fd \u010dasopis <strong>Hlas srdca<\/strong>. Postupne ho budeme uverej\u0148ova\u0165 aj na na\u0161ej farskej str\u00e1nke. Nech sa p\u00e1\u010di, m\u00f4\u017eete si stiahnu\u0165 dostupn\u00e9 vydania:<\/p>\n<p><a href=\"https:\/\/downloads.farnostrs.sk\/casopis\/hlas_srdca_2025_10.pdf\" target=\"_blank\" rel=\"noopener noreferrer\">Jesenn\u00e9 vydanie 2025<\/a><\/p>\n<p><a href=\"https:\/\/downloads.farnostrs.sk\/casopis\/hlas_srdca_2025_07.pdf\" target=\"_blank\" rel=\"noopener noreferrer\">Letn\u00e9 vydanie 2025<\/a><\/p>\n<p><a href=\"https:\/\/downloads.farnostrs.sk\/casopis\/hlas_srdca_2025_04.pdf\" target=\"_blank\" rel=\"noopener noreferrer\">Ve\u013ekono\u010dn\u00e9 vydanie 2025<\/a><\/p>\n<p><a href=\"https:\/\/downloads.farnostrs.sk\/casopis\/hlas_srdca_2024_12.pdf\" target=\"_blank\" rel=\"noopener noreferrer\">Viano\u010dn\u00e9 vydanie 2024<\/a><\/p>\n<p><a href=\"https:\/\/downloads.farnostrs.sk\/casopis\/hlas_srdca_2024_10.pdf\" target=\"_blank\" rel=\"noopener noreferrer\">Jesenn\u00e9 vydanie 2024<\/a><\/p>\n<p><a href=\"https:\/\/downloads.farnostrs.sk\/casopis\/hlas_srdca_2024_07.pdf\" target=\"_blank\" rel=\"noopener noreferrer\">Letn\u00e9 vydanie 2024<\/a><\/p>\n<p><a href=\"https:\/\/downloads.farnostrs.sk\/casopis\/hlas_srdca_2024_03.pdf\" target=\"_blank\" rel=\"noopener noreferrer\">Ve\u013ekono\u010dn\u00e9 vydanie 2024<\/a><\/p>\n<p><a href=\"https:\/\/downloads.farnostrs.sk\/casopis\/hlas_srdca_2023_12.pdf\" target=\"_blank\" rel=\"noopener noreferrer\">Viano\u010dn\u00e9 vydanie 2023<\/a><\/p>\n<p><a href=\"https:\/\/downloads.farnostrs.sk\/casopis\/hlas_srdca_2023_10.pdf\" target=\"_blank\" rel=\"noopener noreferrer\">Jesenn\u00e9 vydanie 2023<\/a><\/p>\n<p><a href=\"https:\/\/downloads.farnostrs.sk\/casopis\/hlas_srdca_2023_08.pdf\" target=\"_blank\" rel=\"noopener noreferrer\">Letn\u00e9 vydanie 2023<\/a><\/p>\n<p><a href=\"https:\/\/downloads.farnostrs.sk\/casopis\/hlas_srdca_2023_04.pdf\" target=\"_blank\" rel=\"noopener noreferrer\">Ve\u013ekono\u010dn\u00e9 vydanie 2023<\/a><\/p>\n<p><a href=\"https:\/\/downloads.farnostrs.sk\/casopis\/hlas_srdca_2022_12.pdf\" target=\"_blank\" rel=\"noopener noreferrer\">Viano\u010dn\u00e9 vydanie 2022<\/a><\/p>\n<p><a href=\"https:\/\/downloads.farnostrs.sk\/casopis\/hlas_srdca_2022_10.pdf\" target=\"_blank\" rel=\"noopener noreferrer\">Jesenn\u00e9 vydanie 2022<\/a><\/p>\n<p><a href=\"https:\/\/downloads.farnostrs.sk\/casopis\/hlas_srdca_2022_07.pdf\" target=\"_blank\" rel=\"noopener noreferrer\">Letn\u00e9 vydanie 2022<\/a><\/p>\n<p><a href=\"https:\/\/downloads.farnostrs.sk\/casopis\/hlas_srdca_2022_04.pdf\" target=\"_blank\" rel=\"noopener noreferrer\">Jarn\u00e9 vydanie 2022<\/a><\/p>\n<p><a href=\"https:\/\/downloads.farnostrs.sk\/casopis\/hlas_srdca_2021_10.pdf\" target=\"_blank\" rel=\"noopener noreferrer\">Jesenn\u00e9 vydanie 2021<\/a><\/p>\n<p><a href=\"https:\/\/downloads.farnostrs.sk\/casopis\/hlas_srdca_2020_12.pdf\" target=\"_blank\" rel=\"noopener noreferrer\">Viano\u010dn\u00e9 vydanie 2020<\/a><\/p>\n<p><a href=\"https:\/\/downloads.farnostrs.sk\/casopis\/hlas_srdca_2020_06.pdf\" target=\"_blank\" rel=\"noopener noreferrer\">Letn\u00e9 vydanie 2020<\/a><\/p>\n<p><a href=\"https:\/\/downloads.farnostrs.sk\/casopis\/hlas_srdca_2019_12.pdf\" target=\"_blank\" rel=\"noopener noreferrer\">Viano\u010dn\u00e9 vydanie 2019<\/a><\/p>\n<p><a href=\"https:\/\/downloads.farnostrs.sk\/casopis\/hlas_srdca_2019_10.pdf\" target=\"_blank\" rel=\"noopener noreferrer\">Jesenn\u00e9 vydanie 2019<\/a><\/p>\n<p><a href=\"https:\/\/downloads.farnostrs.sk\/casopis\/hlas_srdca_2019_07.pdf\" target=\"_blank\" rel=\"noopener noreferrer\">Letn\u00e9 vydanie 2019<\/a><\/p>\n<p><a href=\"https:\/\/downloads.farnostrs.sk\/casopis\/hlas_srdca_2019_04.pdf\" target=\"_blank\" rel=\"noopener noreferrer\">P\u00f4stne vydanie 2019<\/a><\/p>\n<p><a href=\"https:\/\/downloads.farnostrs.sk\/casopis\/hlas_srdca_2018_12.pdf\" target=\"_blank\" rel=\"noopener noreferrer\">Viano\u010dn\u00e9 vydanie 2018<\/a><\/p>\n<p><a href=\"https:\/\/downloads.farnostrs.sk\/casopis\/hlas_srdca_2018_10.pdf\" target=\"_blank\" rel=\"noopener noreferrer\">Jesenn\u00e9 vydanie 2018<\/a><\/p>\n<p><a href=\"https:\/\/downloads.farnostrs.sk\/casopis\/hlas-srdca-tlac-10.pdf\" target=\"_blank\" rel=\"noopener noreferrer\">Letn\u00e9 vydanie 2018<\/a><\/p>\n<p><a href=\"https:\/\/downloads.farnostrs.sk\/casopis\/hlas_srdca_2018_03.pdf\" target=\"_blank\" rel=\"noopener noreferrer\">Ve\u013ekono\u010dn\u00e9 vydanie 2018<\/a><\/p>\n<p><a href=\"https:\/\/downloads.farnostrs.sk\/casopis\/hlas-srdca-tlac-9.pdf\" target=\"_blank\" rel=\"noopener noreferrer\">Viano\u010dn\u00e9 vydanie 2017<\/a><\/p>\n<p><a href=\"https:\/\/downloads.farnostrs.sk\/casopis\/hlas-srdca-tlac-8.pdf\" target=\"_blank\" rel=\"noopener noreferrer\">Jesenn\u00e9 vydanie 2017<\/a><\/p>\n<p><a href=\"https:\/\/downloads.farnostrs.sk\/casopis\/hlas-srdca-tlac-6.pdf\" target=\"_blank\" rel=\"noopener noreferrer\">Letn\u00e9 vydanie 2017<\/a><\/p>\n<p><a href=\"https:\/\/downloads.farnostrs.sk\/casopis\/hlas-srdca-tlac-5.pdf\" target=\"_blank\" rel=\"noopener noreferrer\">Ve\u013ekono\u010dn\u00e9 vydanie 2017<\/a><\/p>\n<p><a href=\"https:\/\/downloads.farnostrs.sk\/casopis\/hlas-srdca-tlac-4.pdf\" target=\"_blank\" rel=\"noopener noreferrer\">Viano\u010dn\u00e9 vydanie 2016<\/a><\/p>\n<p><a href=\"https:\/\/downloads.farnostrs.sk\/casopis\/hlas-srdca-tlac-3.pdf\" target=\"_blank\" rel=\"noopener noreferrer\">Jesenn\u00e9 vydanie 2016<\/a><\/p>\n<p><a href=\"https:\/\/downloads.farnostrs.sk\/casopis\/hlas-srdca-tlac-2.pdf\" target=\"_blank\" rel=\"noopener noreferrer\">Pr\u00e1zdninov\u00e9 vydanie 2016<\/a><\/p>\n<p><a href=\"https:\/\/downloads.farnostrs.sk\/casopis\/hlas-srdca-tlac-1.pdf\" target=\"_blank\" rel=\"noopener noreferrer\">Ve\u013ekono\u010dn\u00e9 vydanie 2016<\/a><\/p>\n<p><a href=\"https:\/\/downloads.farnostrs.sk\/casopis\/hlas-srdca-tlac-0.pdf\" target=\"_blank\" rel=\"noopener noreferrer\">Viano\u010dn\u00e9 vydanie 2015<\/a><\/p>\n","protected":false},"excerpt":{"rendered":"<p>V roku 2015 sme za\u010dali vyd\u00e1va\u0165 farsk\u00fd \u010dasopis Hlas srdca. Postupne ho budeme uverej\u0148ova\u0165 aj na na\u0161ej farskej str\u00e1nke. Nech sa p\u00e1\u010di, m\u00f4\u017eete si stiahnu\u0165 dostupn\u00e9 vydania: Jesenn\u00e9 vydanie 2025 Letn\u00e9 vydanie 2025 Ve\u013ekono\u010dn\u00e9 vydanie 2025 Viano\u010dn\u00e9 vydanie 2024 Jesenn\u00e9 vydanie 2024 Letn\u00e9 vydanie 2024 Ve\u013ekono\u010dn\u00e9 vydanie 2024 Viano\u010dn\u00e9 vydanie 2023 Jesenn\u00e9 vydanie 2023 Letn\u00e9 &hellip; <a href=\"https:\/\/www.farnostrs.sk\/sk\/casopis-hlas-srdca\/\" class=\"more-link\">Pokra\u010dova\u0165 v \u010d\u00edtan\u00ed: <span class=\"screen-reader-text\">\u010casopis Hlas srdca<\/span><\/a><\/p>\n","protected":false},"author":1,"featured_media":0,"parent":0,"menu_order":0,"comment_status":"closed","ping_status":"closed","template":"","meta":{"_crdt_document":"","_monsterinsights_skip_tracking":false,"_monsterinsights_sitenote_active":false,"_monsterinsights_sitenote_note":"","_monsterinsights_sitenote_category":0,"ngg_post_thumbnail":0,"footnotes":""},"class_list":["post-979","page","type-page","status-publish","hentry"],"publishpress_future_action":{"enabled":false,"date":"2026-05-07 21:00:24","action":"change-status","newStatus":"draft","terms":[],"taxonomy":"","extraData":[]},"publishpress_future_workflow_manual_trigger":{"enabledWorkflows":[]},"_links":{"self":[{"href":"https:\/\/www.farnostrs.sk\/sk\/wp-json\/wp\/v2\/pages\/979","targetHints":{"allow":["GET"]}}],"collection":[{"href":"https:\/\/www.farnostrs.sk\/sk\/wp-json\/wp\/v2\/pages"}],"about":[{"href":"https:\/\/www.farnostrs.sk\/sk\/wp-json\/wp\/v2\/types\/page"}],"author":[{"embeddable":true,"href":"https:\/\/www.farnostrs.sk\/sk\/wp-json\/wp\/v2\/users\/1"}],"replies":[{"embeddable":true,"href":"https:\/\/www.farnostrs.sk\/sk\/wp-json\/wp\/v2\/comments?post=979"}],"version-history":[{"count":6,"href":"https:\/\/www.farnostrs.sk\/sk\/wp-json\/wp\/v2\/pages\/979\/revisions"}],"predecessor-version":[{"id":4495,"href":"https:\/\/www.farnostrs.sk\/sk\/wp-json\/wp\/v2\/pages\/979\/revisions\/4495"}],"wp:attachment":[{"href":"https:\/\/www.farnostrs.sk\/sk\/wp-json\/wp\/v2\/media?parent=979"}],"curies":[{"name":"wp","href":"https:\/\/api.w.org\/{rel}","templated":true}]}}